{"id":936,"date":"2018-07-02T18:47:41","date_gmt":"2018-07-02T21:47:41","guid":{"rendered":"https:\/\/isfd29-bue.infd.edu.ar\/sitio\/informacion-del-cipe\/"},"modified":"2020-11-17T12:54:08","modified_gmt":"2020-11-17T15:54:08","slug":"informacion-del-cipe","status":"publish","type":"page","link":"https:\/\/isfd29-bue.infd.edu.ar\/sitio\/informacion-del-cipe\/","title":{"rendered":"Programa Acompa\u00f1amiento a las Trayectorias y la Revinculaci\u00f3n (ATR)"},"content":{"rendered":"<p>Antes de realizar alguna preguntas lea con detenimiento la siguiente informaci\u00f3n:<\/p>\n<ul>\n<li style=\"line-height: 100%;\">Informaci\u00f3n general en la p\u00e1gina del <a href=\"http:\/\/abc.gov.ar\/convocatoria-abierta-docentes-en-formacion\">ABC<\/a><\/li>\n<li>Presentaci\u00f3n del programa\u00a0\u00a0<a href=\"http:\/\/abc.gov.ar\/convocatoria-abierta-docentes-en-formacion\">Jefatura Distrital de Merlo<\/a><\/li>\n<li>Para consultas administrativas del Programa remitirse a atrmerlo@gmail.com<\/li>\n<li>Documentaci\u00f3n <a href=\"http:\/\/abc.gov.ar\/sites\/default\/files\/dgcye_programa_atr_.pdf\" target=\"_blank\" rel=\"noopener\">del programa<\/a>.<\/li>\n<\/ul>\n<p>&nbsp;<\/p>\n<h3>Podcast<\/h3>\n<p><a href=\"https:\/\/des-bue.infd.edu.ar\/aula\/archivos\/_43\/podcast_1.mp3?id_curso=43\">N\u00famero N\u00b0 1<\/a><\/p>\n<p>&nbsp;<\/p>\n<p>&nbsp;<\/p>\n<p>&nbsp;<\/p>\n<p style=\"margin-bottom: 0cm; line-height: 100%;\">PREGUNTAS FRECUENTES<\/p>\n<p><strong>\u00bfComo me anot\u00f3 al programa?<\/strong><\/p>\n<p>Las convocatoria est\u00e1 cerrada. Fue publicada en la p\u00e1gina del ABC y comunicada a los estudiantes por la plataforma.<\/p>\n<p>&nbsp;<\/p>\n<p>CIPE<\/p>\n<p>&nbsp;<\/p>\n","protected":false},"excerpt":{"rendered":"<p>Antes de realizar alguna preguntas lea con detenimiento la siguiente informaci\u00f3n: Informaci\u00f3n general en la p\u00e1gina del ABC Presentaci\u00f3n del programa\u00a0\u00a0Jefatura Distrital de Merlo Para consultas administrativas del Programa remitirse a atrmerlo@gmail.com Documentaci\u00f3n del programa. &nbsp; Podcast N\u00famero N\u00b0 1 &nbsp; &nbsp; &nbsp; PREGUNTAS FRECUENTES \u00bfComo me anot\u00f3 al programa? Las convocatoria est\u00e1 cerrada. Fue &#8230; <a title=\"Programa Acompa\u00f1amiento a las Trayectorias y la Revinculaci\u00f3n (ATR)\" class=\"read-more\" href=\"https:\/\/isfd29-bue.infd.edu.ar\/sitio\/informacion-del-cipe\/\" aria-label=\"More on Programa Acompa\u00f1amiento a las Trayectorias y la Revinculaci\u00f3n (ATR)\">[+]<\/a><\/p>\n","protected":false},"author":11867,"featured_media":0,"parent":0,"menu_order":0,"comment_status":"closed","ping_status":"closed","template":"","meta":[],"acf":[],"_links":{"self":[{"href":"https:\/\/isfd29-bue.infd.edu.ar\/sitio\/wp-json\/wp\/v2\/pages\/936"}],"collection":[{"href":"https:\/\/isfd29-bue.infd.edu.ar\/sitio\/wp-json\/wp\/v2\/pages"}],"about":[{"href":"https:\/\/isfd29-bue.infd.edu.ar\/sitio\/wp-json\/wp\/v2\/types\/page"}],"author":[{"embeddable":true,"href":"https:\/\/isfd29-bue.infd.edu.ar\/sitio\/wp-json\/wp\/v2\/users\/11867"}],"replies":[{"embeddable":true,"href":"https:\/\/isfd29-bue.infd.edu.ar\/sitio\/wp-json\/wp\/v2\/comments?post=936"}],"version-history":[{"count":6,"href":"https:\/\/isfd29-bue.infd.edu.ar\/sitio\/wp-json\/wp\/v2\/pages\/936\/revisions"}],"predecessor-version":[{"id":1384,"href":"https:\/\/isfd29-bue.infd.edu.ar\/sitio\/wp-json\/wp\/v2\/pages\/936\/revisions\/1384"}],"wp:attachment":[{"href":"https:\/\/isfd29-bue.infd.edu.ar\/sitio\/wp-json\/wp\/v2\/media?parent=936"}],"curies":[{"name":"wp","href":"https:\/\/api.w.org\/{rel}","templated":true}]}}