{"id":895,"date":"2018-07-02T18:47:27","date_gmt":"2018-07-02T21:47:27","guid":{"rendered":"https:\/\/isfd29-bue.infd.edu.ar\/sitio\/rol-de-los-cipes\/"},"modified":"2024-12-30T22:55:30","modified_gmt":"2024-12-31T01:55:30","slug":"rol-de-los-cipes","status":"publish","type":"page","link":"https:\/\/isfd29-bue.infd.edu.ar\/sitio\/rol-de-los-cipes\/","title":{"rendered":"L\u00edneas de trabajo de los CIPES"},"content":{"rendered":"<p>Las y los Coordinadores Institucionales de Pol\u00edticas Estudiantiles (Cipes) tienen como prop\u00f3sito entramar su labor dentro de las din\u00e1micas de los ISFD e ISFDyT y se constituyen como referentes para las y los estudiantes en relaci\u00f3n con las tres l\u00edneas de trabajo: fortalecimiento de trayectorias, participaci\u00f3n estudiantil y experiencias culturales.<\/p>\n<p>Por ese motivo, las y los Cipes\u00a0son actores que pueden reconocer e identificar problem\u00e1ticas y tem\u00e1ticas de inter\u00e9s estudiantil, y generar proyectos que den respuesta. Al mismo tiempo, son responsables de comunicar las pol\u00edticas p\u00fablicas tendientes a fortalecer las trayectorias formativas y brindar ayuda y asesoramiento a estudiantes en las diferentes situaciones que se presenten, como la gesti\u00f3n de becas, entre otras.<\/p>\n<p>Un equipo de coordinadores regionales desarrolla acciones de articulaci\u00f3n que sirven de nexo entre los Cipes institucionales y el \u00e1rea de Desarrollo Estudiantil, mediante\u00a0 canales de comunicaci\u00f3n que dan respuesta a las demandas que surgen en los diferentes contextos de formaci\u00f3n y fomentan encuentros de intercambio,\u00a0asesoramiento y capacitaci\u00f3n.<\/p>\n","protected":false},"excerpt":{"rendered":"<p>Las y los Coordinadores Institucionales de Pol\u00edticas Estudiantiles (Cipes) tienen como prop\u00f3sito entramar su labor dentro de las din\u00e1micas de los ISFD e ISFDyT y se constituyen como referentes para las y los estudiantes en relaci\u00f3n con las tres l\u00edneas de trabajo: fortalecimiento de trayectorias, participaci\u00f3n estudiantil y experiencias culturales. Por ese motivo, las y &#8230; <a title=\"L\u00edneas de trabajo de los CIPES\" class=\"read-more\" href=\"https:\/\/isfd29-bue.infd.edu.ar\/sitio\/rol-de-los-cipes\/\" aria-label=\"More on L\u00edneas de trabajo de los CIPES\">[+]<\/a><\/p>\n","protected":false},"author":11867,"featured_media":0,"parent":0,"menu_order":0,"comment_status":"closed","ping_status":"closed","template":"","meta":[],"acf":[],"_links":{"self":[{"href":"https:\/\/isfd29-bue.infd.edu.ar\/sitio\/wp-json\/wp\/v2\/pages\/895"}],"collection":[{"href":"https:\/\/isfd29-bue.infd.edu.ar\/sitio\/wp-json\/wp\/v2\/pages"}],"about":[{"href":"https:\/\/isfd29-bue.infd.edu.ar\/sitio\/wp-json\/wp\/v2\/types\/page"}],"author":[{"embeddable":true,"href":"https:\/\/isfd29-bue.infd.edu.ar\/sitio\/wp-json\/wp\/v2\/users\/11867"}],"replies":[{"embeddable":true,"href":"https:\/\/isfd29-bue.infd.edu.ar\/sitio\/wp-json\/wp\/v2\/comments?post=895"}],"version-history":[{"count":1,"href":"https:\/\/isfd29-bue.infd.edu.ar\/sitio\/wp-json\/wp\/v2\/pages\/895\/revisions"}],"predecessor-version":[{"id":2599,"href":"https:\/\/isfd29-bue.infd.edu.ar\/sitio\/wp-json\/wp\/v2\/pages\/895\/revisions\/2599"}],"wp:attachment":[{"href":"https:\/\/isfd29-bue.infd.edu.ar\/sitio\/wp-json\/wp\/v2\/media?parent=895"}],"curies":[{"name":"wp","href":"https:\/\/api.w.org\/{rel}","templated":true}]}}