{"id":893,"date":"2018-07-02T18:47:26","date_gmt":"2018-07-02T21:47:26","guid":{"rendered":"https:\/\/isfd29-bue.infd.edu.ar\/sitio\/bienvenida\/"},"modified":"2024-05-17T12:16:37","modified_gmt":"2024-05-17T15:16:37","slug":"bienvenida","status":"publish","type":"page","link":"https:\/\/isfd29-bue.infd.edu.ar\/sitio\/bienvenida\/","title":{"rendered":"Bienvenida"},"content":{"rendered":"<p style=\"text-align: justify;\"><span style=\"font-family: arial,helvetica,sans-serif; font-size: 12pt;\">Hola,<\/span><\/p>\n<p style=\"text-align: justify;\"><span style=\"font-family: arial,helvetica,sans-serif; font-size: 12pt;\">Los Coordinadores Institucionales de Pol\u00edticas Estudiantiles (CIPEs) son parte de una estrategia del Instituto Nacional de Formaci\u00f3n Docente del Ministerio de Educaci\u00f3n de la Naci\u00f3n en acuerdo federal con las Jurisdicciones para motorizar y llevar adelante el fortalecimiento de las trayectorias estudiantiles.<\/span><\/p>\n<p style=\"text-align: justify;\"><span style=\"font-family: arial,helvetica,sans-serif; font-size: 12pt;\">Tenemos el rol de acompa\u00f1ar la generaci\u00f3n de condiciones institucionales que alienten la participaci\u00f3n de las distintas voces, el di\u00e1logo entre los estudiantes, entre estudiantes y profesores, entre estudiantes y directivos, y tambi\u00e9n en estrechar el v\u00ednculo entre el instituto y el resto de la comunidad.<\/span><\/p>\n<p style=\"text-align: justify;\"><span style=\"font-family: arial,helvetica,sans-serif; font-size: 12pt;\">En este sentido, los CIPEs conformamos el equipo ampliado de Pol\u00edticas Estudiantiles y tenemos como objetivos centrales:<\/span><\/p>\n<ul class=\"Texto_arial\" style=\"text-align: justify;\">\n<li><span style=\"font-family: arial,helvetica,sans-serif; font-size: 12pt;\">Promover la participaci\u00f3n e involucramiento de los estudiantes en la gesti\u00f3n democr\u00e1tica de las instituciones y en el mejoramiento acad\u00e9mico.<\/span><\/li>\n<\/ul>\n<ul class=\"Texto_arial\" style=\"text-align: justify;\">\n<li><span style=\"font-family: arial,helvetica,sans-serif; font-size: 12pt;\">Desarrollar proyectos de construcci\u00f3n colectiva con estudiantes y otros actores institucionales en tem\u00e1ticas que promuevan la construcci\u00f3n del sentido \u00e9tico, pol\u00edtico y transformador del docente, la pertenencia institucional y autonom\u00eda.<\/span><\/li>\n<\/ul>\n<p><img decoding=\"async\" class=\"aligncenter\" src=\"https:\/\/isfd29-bue.infd.edu.ar\/sitio\/wp-content\/uploads\/2024\/03\/WhatsApp-Image-2024-03-23-at-3.09.23-PM.jpeg\"><\/p>\n\n\n<p>Datos de contacto:<\/p>\n\n\n\n<p>Instagram: @cipe.29<\/p>\n\n\n\n<p>Mail: cipemerlo29@gmail.com<\/p>\n","protected":false},"excerpt":{"rendered":"<p>Hola, Los Coordinadores Institucionales de Pol\u00edticas Estudiantiles (CIPEs) son parte de una estrategia del Instituto Nacional de Formaci\u00f3n Docente del Ministerio de Educaci\u00f3n de la Naci\u00f3n en acuerdo federal con las Jurisdicciones para motorizar y llevar adelante el fortalecimiento de las trayectorias estudiantiles. Tenemos el rol de acompa\u00f1ar la generaci\u00f3n de condiciones institucionales que alienten &#8230; <a title=\"Bienvenida\" class=\"read-more\" href=\"https:\/\/isfd29-bue.infd.edu.ar\/sitio\/bienvenida\/\" aria-label=\"More on Bienvenida\">[+]<\/a><\/p>\n","protected":false},"author":11867,"featured_media":0,"parent":0,"menu_order":0,"comment_status":"closed","ping_status":"closed","template":"","meta":[],"acf":[],"_links":{"self":[{"href":"https:\/\/isfd29-bue.infd.edu.ar\/sitio\/wp-json\/wp\/v2\/pages\/893"}],"collection":[{"href":"https:\/\/isfd29-bue.infd.edu.ar\/sitio\/wp-json\/wp\/v2\/pages"}],"about":[{"href":"https:\/\/isfd29-bue.infd.edu.ar\/sitio\/wp-json\/wp\/v2\/types\/page"}],"author":[{"embeddable":true,"href":"https:\/\/isfd29-bue.infd.edu.ar\/sitio\/wp-json\/wp\/v2\/users\/11867"}],"replies":[{"embeddable":true,"href":"https:\/\/isfd29-bue.infd.edu.ar\/sitio\/wp-json\/wp\/v2\/comments?post=893"}],"version-history":[{"count":4,"href":"https:\/\/isfd29-bue.infd.edu.ar\/sitio\/wp-json\/wp\/v2\/pages\/893\/revisions"}],"predecessor-version":[{"id":2430,"href":"https:\/\/isfd29-bue.infd.edu.ar\/sitio\/wp-json\/wp\/v2\/pages\/893\/revisions\/2430"}],"wp:attachment":[{"href":"https:\/\/isfd29-bue.infd.edu.ar\/sitio\/wp-json\/wp\/v2\/media?parent=893"}],"curies":[{"name":"wp","href":"https:\/\/api.w.org\/{rel}","templated":true}]}}