{"id":856,"date":"2018-07-02T18:47:10","date_gmt":"2018-07-02T21:47:10","guid":{"rendered":"https:\/\/isfd29-bue.infd.edu.ar\/sitio\/alumnos-que-solicitan-pase\/"},"modified":"2022-02-22T20:42:15","modified_gmt":"2022-02-22T23:42:15","slug":"alumnos-que-solicitan-pase","status":"publish","type":"page","link":"https:\/\/isfd29-bue.infd.edu.ar\/sitio\/alumnos-que-solicitan-pase\/","title":{"rendered":"Alumnos que solicitan pase\/reincorporaci\u00f3n\/equivalencias"},"content":{"rendered":"\n<p><strong><span style=\"font-size: 14pt;\">1)&nbsp; &nbsp; Alumnos ingresantes por pase de 2\u00ba a 4\u00ba a\u00f1o:<\/span><\/strong><\/p>\n\n\n\n<p>Condiciones:<\/p>\n\n\n\n<ul><li>Entregar una carta en Secretar\u00eda dirigida a la Directora Prof. Sandra Gonz\u00e1lez entre el&nbsp; 21\/02\/22 hasta el 29\/04\/2022.<\/li><li>Detallar los motivos del pase y todo el desempe\u00f1o acad\u00e9mico :calificaciones de materias aprobadas, Condici\u00f3n Final (si recursa o aprob\u00f3 la cursada y en qu\u00e9 a\u00f1o) de qu\u00e9 profesorado es y los datos personales (Apellido, nombre, DNI, Mail, Tel celular). Todo debe ir en un folio oficio.<\/li><li>Presentar constancia de ANAL\u00cdTICO INCOMPLETO.<\/li><\/ul>\n\n\n\n<p>LUGAR DE RECEPCI\u00d3N: Secretaria,&nbsp; Rioja 996 y Ricardo Balb\u00edn.<\/p>\n\n\n\n<p>Para mayor informaci\u00f3n contactarse al mail: consultasturnos29@gmail.com<\/p>\n\n\n\n<p>Deber\u00e1n completar imprimir la siguiente planilla:&nbsp; <a href=\"https:\/\/isfd29-bue.infd.edu.ar\/sitio\/wp-content\/uploads\/2018\/11\/FORMULARIO-PARA-SOLICITUD-DE-VACANTE.doc\">FORMULARIO PARA SOLICITUD DE VACANTE<\/a><\/p>\n\n\n\n<h5 class=\"wp-block-heading\">2)&nbsp; Alumnos\/as que se reincorporan al instituto.<\/h5>\n\n\n\n<ul><li>Tienen que\u00a0 ser del mismo Plan de Estudio y la misma carrera.<\/li><li>Se consideran las materias aprobadas propias del Plan de estudio y Carrera.<\/li><li>En el caso de materias a FINAL, las mismas tienen un vencimiento 5 (cinco) a\u00f1os (Ver CC 4\/21).<\/li><li>Elaborar una nota dirigida a la Directora Sandra Gonz\u00e1lez\u00a0 solicitando su incorporaci\u00f3n entre las fechas del\u00a0 21\/02\/22 hasta el 29\/04\/2022. Entregarla en el Instituto o en vigencia del ASPO a\u00a0 \u00a0<strong><em>consultasturnos29@gmail.com<\/em><\/strong><\/li><li>Mirar en el sistema\u00a0http:\/\/www.isfd29merlo.com.ar\/\u00a0 si tiene todas las materias declaradas.<\/li><\/ul>\n\n\n\n<p><\/p>\n\n\n\n<p><strong>3) Equivalencias 2022<\/strong><\/p>\n\n\n\n<p><strong>Hasta el 31\/05\/2022 el alumno debe solicitar en la secretar\u00eda del instituto mediante nota firmada, el pedido de reconocimiento de equivalencias sobre materias que integran el plan de estudios de la carrera en la que se encuentra inscripto.<\/strong><\/p>\n\n\n\n<p><strong>Es requisito para dicha <\/strong><strong>solicitud es presentar <em><u>certificado anal\u00edtico y los programas <\/u><\/em><\/strong><strong><em><u>de estudios superiores reconocidos oficialmente.<\/u><\/em><\/strong><strong><em><u><\/u><\/em><\/strong><\/p>\n\n\n\n<p><strong>LA DOCUMENTACI\u00d3N A PRESENTAR ES LA SIGUIENTE:<\/strong><\/p>\n\n\n\n<ol type=\"1\"><li>Solicitarlas mediante nota firmada por el interesado en la secretar\u00eda del instituto, la misma debe ir dirigida a la direcci\u00f3n.<\/li><li>Completar la planilla \u201cSolicitud de equivalencias Resumen\u201d Formulario<strong><u> (A 14)<\/u><\/strong>, la que se llenar\u00e1 detallando cada una de las materias que solicita equivalencia.<\/li><li>Completar la planilla \u201cSolicitud de equivalencias por asignatura\u201d Formulario<strong><u> (A14 a)<\/u><\/strong>, 1 por cada materia a solicitar junto con su respectivo programa.<\/li><li>A Completar por los directivos <strong><u>Formulario (A14b)<\/u><\/strong> <strong>(completar \u00fanicamente los datos correspondiente a apellido y nombre del alumno, DNI y<\/strong> <strong>a\u00f1o de la carrera en la que se encuentra&nbsp; inscripto)<\/strong>.<\/li><\/ol>\n\n\n\n<ul><li><strong>Acompa\u00f1ar la solicitud de equivalencias con el certificado anal\u00edtico de estudios realizados y los programas que correspondan.&nbsp; La documentaci\u00f3n deber\u00e1 estar debidamente certificada con firma, sello de autoridad y de la instituci\u00f3n. <\/strong><strong><\/strong><\/li><\/ul>\n\n\n\n<ul><li><strong>Toda la documentaci\u00f3n se presentar\u00e1 en secretar\u00eda en un folio con etiqueta.<\/strong><\/li><li><strong>P<\/strong><strong>odr\u00e1n presentar solicitud de equivalencias, en aquellas materias cuyo final rendido en otras carreras, haya sido de marzo de 2016 hacia adelante.<\/strong><strong><\/strong><\/li><li><strong><em><u>El alumno debe cursar la unidad curricular cuya aprobaci\u00f3n solicita por equivalencia, hasta tanto se le confirme fehacientemente que se le otorg\u00f3 lo solicitado.<\/u><\/em><\/strong><strong><em><u><\/u><\/em><\/strong><\/li><\/ul>\n\n\n\n<p><strong><u>PARA CONSULTAS COMUNICARSE A LA SIGUIENTE CASILLA DE CORREO:<\/u><\/strong><\/p>\n\n\n\n<p><strong><em>consultasturnos29@gmail.com<\/em><\/strong><\/p>\n\n\n\n<p><\/p>\n","protected":false},"excerpt":{"rendered":"<p>1)&nbsp; &nbsp; Alumnos ingresantes por pase de 2\u00ba a 4\u00ba a\u00f1o: Condiciones: Entregar una carta en Secretar\u00eda dirigida a la Directora Prof. Sandra Gonz\u00e1lez entre el&nbsp; 21\/02\/22 hasta el 29\/04\/2022. Detallar los motivos del pase y todo el desempe\u00f1o acad\u00e9mico :calificaciones de materias aprobadas, Condici\u00f3n Final (si recursa o aprob\u00f3 la cursada y en qu\u00e9 &#8230; <a title=\"Alumnos que solicitan pase\/reincorporaci\u00f3n\/equivalencias\" class=\"read-more\" href=\"https:\/\/isfd29-bue.infd.edu.ar\/sitio\/alumnos-que-solicitan-pase\/\" aria-label=\"More on Alumnos que solicitan pase\/reincorporaci\u00f3n\/equivalencias\">[+]<\/a><\/p>\n","protected":false},"author":11867,"featured_media":0,"parent":0,"menu_order":0,"comment_status":"closed","ping_status":"closed","template":"","meta":[],"acf":[],"_links":{"self":[{"href":"https:\/\/isfd29-bue.infd.edu.ar\/sitio\/wp-json\/wp\/v2\/pages\/856"}],"collection":[{"href":"https:\/\/isfd29-bue.infd.edu.ar\/sitio\/wp-json\/wp\/v2\/pages"}],"about":[{"href":"https:\/\/isfd29-bue.infd.edu.ar\/sitio\/wp-json\/wp\/v2\/types\/page"}],"author":[{"embeddable":true,"href":"https:\/\/isfd29-bue.infd.edu.ar\/sitio\/wp-json\/wp\/v2\/users\/11867"}],"replies":[{"embeddable":true,"href":"https:\/\/isfd29-bue.infd.edu.ar\/sitio\/wp-json\/wp\/v2\/comments?post=856"}],"version-history":[{"count":10,"href":"https:\/\/isfd29-bue.infd.edu.ar\/sitio\/wp-json\/wp\/v2\/pages\/856\/revisions"}],"predecessor-version":[{"id":1771,"href":"https:\/\/isfd29-bue.infd.edu.ar\/sitio\/wp-json\/wp\/v2\/pages\/856\/revisions\/1771"}],"wp:attachment":[{"href":"https:\/\/isfd29-bue.infd.edu.ar\/sitio\/wp-json\/wp\/v2\/media?parent=856"}],"curies":[{"name":"wp","href":"https:\/\/api.w.org\/{rel}","templated":true}]}}