{"id":847,"date":"2018-07-02T18:47:07","date_gmt":"2018-07-02T21:47:07","guid":{"rendered":"https:\/\/isfd29-bue.infd.edu.ar\/sitio\/plan-de-estudios-4\/"},"modified":"2025-01-15T20:38:21","modified_gmt":"2025-01-15T23:38:21","slug":"plan-de-estudios-4","status":"publish","type":"page","link":"https:\/\/isfd29-bue.infd.edu.ar\/sitio\/plan-de-estudios-4\/","title":{"rendered":"Dise\u00f1o Curricular (Plan Viejo)"},"content":{"rendered":"<h4>PROFESORADO DE EDUCACI\u00d3N SECUNDARIA EN QU\u00cdMICA. RES. 13259\/99<\/h4>\n<p>Horario de cursada:\u00a0 Turno Tarde (13 a 17) Turno Vespertino (18 A 23)<\/p>\n<p>La carrera tiene un tronco com\u00fan con la carrera de Biolog\u00eda (Plan Viejo) en los dos primeros a\u00f1os (1\u00ba y 2\u00ba) a\u00f1o. A partir del 3\u00ba inicial Qu\u00edmica<\/p>\n<p><a href=\"https:\/\/isfd29-bue.infd.edu.ar\/sitio\/wp-content\/uploads\/2020\/08\/Dise%C3%B1o-Curricular-del-profesorado-de-QUIMICA.pdf\">Dise\u00f1o Curricular del profesorado de QU\u00cdMICA (Plan Viejo)<\/a><\/p>\n<p><a href=\"https:\/\/isfd29-bue.infd.edu.ar\/sitio\/wp-content\/uploads\/2020\/08\/Correlatividades-Profesorado-de-Qu%C3%ADmica.pdf\">Correlatividades Profesorado de Qu\u00edmica (Plan Viejo)\u00a0<\/a><\/p>\n","protected":false},"excerpt":{"rendered":"<p>PROFESORADO DE EDUCACI\u00d3N SECUNDARIA EN QU\u00cdMICA. RES. 13259\/99 Horario de cursada:\u00a0 Turno Tarde (13 a 17) Turno Vespertino (18 A 23) La carrera tiene un tronco com\u00fan con la carrera de Biolog\u00eda (Plan Viejo) en los dos primeros a\u00f1os (1\u00ba y 2\u00ba) a\u00f1o. A partir del 3\u00ba inicial Qu\u00edmica Dise\u00f1o Curricular del profesorado de QU\u00cdMICA &#8230; <a title=\"Dise\u00f1o Curricular (Plan Viejo)\" class=\"read-more\" href=\"https:\/\/isfd29-bue.infd.edu.ar\/sitio\/plan-de-estudios-4\/\" aria-label=\"More on Dise\u00f1o Curricular (Plan Viejo)\">[+]<\/a><\/p>\n","protected":false},"author":11867,"featured_media":0,"parent":0,"menu_order":0,"comment_status":"closed","ping_status":"closed","template":"","meta":[],"acf":[],"_links":{"self":[{"href":"https:\/\/isfd29-bue.infd.edu.ar\/sitio\/wp-json\/wp\/v2\/pages\/847"}],"collection":[{"href":"https:\/\/isfd29-bue.infd.edu.ar\/sitio\/wp-json\/wp\/v2\/pages"}],"about":[{"href":"https:\/\/isfd29-bue.infd.edu.ar\/sitio\/wp-json\/wp\/v2\/types\/page"}],"author":[{"embeddable":true,"href":"https:\/\/isfd29-bue.infd.edu.ar\/sitio\/wp-json\/wp\/v2\/users\/11867"}],"replies":[{"embeddable":true,"href":"https:\/\/isfd29-bue.infd.edu.ar\/sitio\/wp-json\/wp\/v2\/comments?post=847"}],"version-history":[{"count":4,"href":"https:\/\/isfd29-bue.infd.edu.ar\/sitio\/wp-json\/wp\/v2\/pages\/847\/revisions"}],"predecessor-version":[{"id":2622,"href":"https:\/\/isfd29-bue.infd.edu.ar\/sitio\/wp-json\/wp\/v2\/pages\/847\/revisions\/2622"}],"wp:attachment":[{"href":"https:\/\/isfd29-bue.infd.edu.ar\/sitio\/wp-json\/wp\/v2\/media?parent=847"}],"curies":[{"name":"wp","href":"https:\/\/api.w.org\/{rel}","templated":true}]}}