{"id":839,"date":"2018-07-02T18:47:04","date_gmt":"2018-07-02T21:47:04","guid":{"rendered":"https:\/\/isfd29-bue.infd.edu.ar\/sitio\/autoridades\/"},"modified":"2025-12-12T16:20:30","modified_gmt":"2025-12-12T19:20:30","slug":"autoridades","status":"publish","type":"page","link":"https:\/\/isfd29-bue.infd.edu.ar\/sitio\/autoridades\/","title":{"rendered":"Autoridades"},"content":{"rendered":"<h1 style=\"margin-bottom: 0cm; line-height: 100%;\">&nbsp;<\/h1>\n<h2 style=\"margin-bottom: 0cm; line-height: 100%;\"><span style=\"color: #666699;\"><strong><span style=\"color: #003366;\">Directora:<\/span> <\/strong><\/span><\/h2>\n<ul>\n<li>\n<h2><span style=\"color: #666699;\"><strong>Sandra Ver\u00f3nica Gonzalez<\/strong><\/span><\/h2>\n<\/li>\n<\/ul>\n<h3><span style=\"color: #666699;\"><span style=\"color: #003366;\">Vicedirector:<\/span> <\/span><\/h3>\n<ul>\n<li>\n<h2><span style=\"color: #666699;\">Alejandro Barol\u00edn<\/span><\/h2>\n<\/li>\n<\/ul>\n<h3 style=\"margin-bottom: 0cm; line-height: 100%;\"><span style=\"color: #003366;\"><strong>Regentes:<\/strong><\/span><\/h3>\n<ul>\n<li>\n<h2><span style=\"color: #666699;\"><strong>Silvia Beck<\/strong><\/span><\/h2>\n<\/li>\n<li>\n<h2><span style=\"color: #666699;\">Mar\u00eda Laura Marrari<\/span><\/h2>\n<\/li>\n<li>\n<h2><span style=\"color: #666699;\">Dami\u00e1n Correa Aredes<\/span><\/h2>\n<\/li>\n<\/ul>\n<h1><span style=\"color: #003300;\">Jefaturas de \u00c1rea:<\/span><\/h1>\n<ul>\n<li>\n<h4><span style=\"color: #666699;\"><strong>Matem\u00e1tica y F\u00edsica: Daniel Assum<\/strong><\/span><\/h4>\n<\/li>\n<\/ul>\n<p><span style=\"color: #333399;\"><strong>MARTES: <\/strong>8:00 a 11:00 hs, de 13:00 a 14:00 hs y de 16:00 a 17:00 hs<\/span><\/p>\n<p><span style=\"color: #333399;\"><strong>JUEVES: <\/strong>16:00 a 21:00 hs<\/span><\/p>\n<ul>\n<li>\n<h3><span style=\"color: #666699;\"><strong>Historia: Eliana Scinto <\/strong><\/span><\/h3>\n<\/li>\n<\/ul>\n<p><span style=\"color: #666699;\"><strong>LUNES:<\/strong> 21:00 a 23:00 hs<\/span><\/p>\n<p><span style=\"color: #666699;\"><strong>MARTES:<\/strong> 18:00a 19:00 hs<\/span><\/p>\n<p><span style=\"color: #666699;\"><strong>JUEVES:<\/strong> 8:00 a 12:00 hs<\/span><\/p>\n<p><span style=\"color: #666699;\"><strong>VIERNES:<\/strong> 18:00 a 21:00 hs<\/span><\/p>\n<ul>\n<li>\n<h3><span style=\"color: #666699;\"><strong>Lengua y Literatura: Susana Caba<\/strong><\/span><\/h3>\n<\/li>\n<\/ul>\n<p><span style=\"color: #666699;\"><strong>MARTES:<\/strong> 21:00 a 22:00 hs<\/span><\/p>\n<p><span style=\"color: #666699;\"><strong>MIERCOLES:<\/strong><\/span> <span style=\"color: #666699;\">13:00 a 17:00 hs y de 18:00 a 23:00 hs<\/span><\/p>\n<ul>\n<li>\n<h3><span style=\"color: #666699;\">Qu\u00edmica y Biolog\u00eda: Andrea Bonnet<\/span><\/h3>\n<\/li>\n<\/ul>\n<p><strong>L<\/strong><span style=\"color: #666699;\"><strong>UNES:<\/strong> 13:00 a 17:00 hs<\/span><\/p>\n<p><span style=\"color: #666699;\"><strong>MARTES:<\/strong> 18:00 a 20:00 hs<\/span><\/p>\n<p><span style=\"color: #666699;\"><strong>JUEVES:<\/strong> 10:00 a 12:00 hs y de 18:00 a 20:00 hs<\/span><\/p>\n<ul>\n<li>\n<h3><span style=\"color: #666699;\">Primaria: Paula Gattesco<\/span><\/h3>\n<\/li>\n<\/ul>\n<p><span style=\"color: #666699;\"><strong>LUNES:<\/strong> 8:00 a 10:00 hs<\/span><\/p>\n<p><span style=\"color: #666699;\"><strong>MIERCOLES:<\/strong> 13:00 a 15:00 hs<\/span><\/p>\n<p><span style=\"color: #666699;\"><strong>JUEVES:<\/strong> 18:00 a 21:00 hs<\/span><\/p>\n<p><span style=\"color: #666699;\"><strong>VIERNES:<\/strong> 8:00 a 10:00 hs<\/span><\/p>\n<h3><span style=\"color: #003300;\">Secretaria:&nbsp;<\/span><\/h3>\n<ul>\n<li>\n<h3><span style=\"color: #666699;\">Roxana Escalada<\/span><\/h3>\n<\/li>\n<\/ul>\n<h3><span style=\"color: #003300;\">Prosecretario:<\/span><\/h3>\n<ul>\n<li>\n<h2><span style=\"color: #666699;\">Sergio Figueroa<\/span><\/h2>\n<\/li>\n<\/ul>\n<h3 style=\"margin-bottom: 0cm; line-height: 100%;\">&nbsp;<\/h3>\n<h3><span style=\"color: #003300;\">Referente de Post\u00edtulos:<\/span><\/h3>\n<ul>\n<li>\n<h2><span style=\"color: #666699;\">Luc\u00eda Bregant<\/span><\/h2>\n<\/li>\n<\/ul>\n<h2>&nbsp;<\/h2>\n<h2><span style=\"color: #003300;\"><strong>Inspector de Nivel Superior:<\/strong><\/span><\/h2>\n<ul>\n<li>\n<h2><span style=\"color: #666699;\"><strong>Sr Eduardo Sandes&nbsp;<\/strong><\/span><\/h2>\n<\/li>\n<\/ul>\n<p>Contacto: <a href=\"mailto:esandes@abc.gob.ar\" target=\"_blank\" rel=\"noopener\">esandes@abc.gob.ar<\/a><\/p>\n<p><strong>Sede de Inspectores Mor\u00f3n<\/strong>: Nuestra Se\u00f1ora del Buen Viaje 132. Mor\u00f3n<\/p>\n<p><strong>D\u00edas de atenci\u00f3n:<\/strong> Lunes de 9 a 12hs previa cita por mail<\/p>\n\n\n<p><\/p>\n","protected":false},"excerpt":{"rendered":"<p>&nbsp; Directora: Sandra Ver\u00f3nica Gonzalez Vicedirector: Alejandro Barol\u00edn Regentes: Silvia Beck Mar\u00eda Laura Marrari Dami\u00e1n Correa Aredes Jefaturas de \u00c1rea: Matem\u00e1tica y F\u00edsica: Daniel Assum MARTES: 8:00 a 11:00 hs, de 13:00 a 14:00 hs y de 16:00 a 17:00 hs JUEVES: 16:00 a 21:00 hs Historia: Eliana Scinto LUNES: 21:00 a 23:00 hs MARTES: &#8230; <a title=\"Autoridades\" class=\"read-more\" href=\"https:\/\/isfd29-bue.infd.edu.ar\/sitio\/autoridades\/\" aria-label=\"More on Autoridades\">[+]<\/a><\/p>\n","protected":false},"author":11867,"featured_media":2414,"parent":0,"menu_order":0,"comment_status":"closed","ping_status":"closed","template":"","meta":[],"acf":[],"_links":{"self":[{"href":"https:\/\/isfd29-bue.infd.edu.ar\/sitio\/wp-json\/wp\/v2\/pages\/839"}],"collection":[{"href":"https:\/\/isfd29-bue.infd.edu.ar\/sitio\/wp-json\/wp\/v2\/pages"}],"about":[{"href":"https:\/\/isfd29-bue.infd.edu.ar\/sitio\/wp-json\/wp\/v2\/types\/page"}],"author":[{"embeddable":true,"href":"https:\/\/isfd29-bue.infd.edu.ar\/sitio\/wp-json\/wp\/v2\/users\/11867"}],"replies":[{"embeddable":true,"href":"https:\/\/isfd29-bue.infd.edu.ar\/sitio\/wp-json\/wp\/v2\/comments?post=839"}],"version-history":[{"count":27,"href":"https:\/\/isfd29-bue.infd.edu.ar\/sitio\/wp-json\/wp\/v2\/pages\/839\/revisions"}],"predecessor-version":[{"id":2791,"href":"https:\/\/isfd29-bue.infd.edu.ar\/sitio\/wp-json\/wp\/v2\/pages\/839\/revisions\/2791"}],"wp:featuredmedia":[{"embeddable":true,"href":"https:\/\/isfd29-bue.infd.edu.ar\/sitio\/wp-json\/wp\/v2\/media\/2414"}],"wp:attachment":[{"href":"https:\/\/isfd29-bue.infd.edu.ar\/sitio\/wp-json\/wp\/v2\/media?parent=839"}],"curies":[{"name":"wp","href":"https:\/\/api.w.org\/{rel}","templated":true}]}}