{"id":835,"date":"2018-07-02T18:47:03","date_gmt":"2018-07-02T21:47:03","guid":{"rendered":"https:\/\/isfd29-bue.infd.edu.ar\/sitio\/plan-de-estudios-2\/"},"modified":"2024-12-30T22:52:11","modified_gmt":"2024-12-31T01:52:11","slug":"plan-de-estudios-2","status":"publish","type":"page","link":"https:\/\/isfd29-bue.infd.edu.ar\/sitio\/plan-de-estudios-2\/","title":{"rendered":"Profesorado de Educaci\u00f3n Secundaria en Biolog\u00eda"},"content":{"rendered":"<p><a href=\"https:\/\/drive.google.com\/file\/d\/1zgLSdIImJrK2oiozYXjWqtMS7DasePX6\/view?usp=sharing\">DISE\u00d1O CURRICULAR 2022<\/a><\/p>\n<p><a href=\"https:\/\/isfd29-bue.infd.edu.ar\/sitio\/wp-content\/uploads\/2020\/08\/Dise\u00f1o-Curricular-del-profesorado-de-BIOLOGIA.pdf\">Dise\u00f1o Curricular del profesorado de BIOLOGIA (Plan Viejo)<\/a><\/p>\n<p><a href=\"https:\/\/isfd29-bue.infd.edu.ar\/sitio\/wp-content\/uploads\/2020\/08\/Correlatividades-Profesorado-de-Biolog\u00eda.pdf\">Correlatividades Profesorado de Biolog\u00eda (Plan viejo )<\/a><\/p>\n","protected":false},"excerpt":{"rendered":"<p>DISE\u00d1O CURRICULAR 2022 Dise\u00f1o Curricular del profesorado de BIOLOGIA (Plan Viejo) Correlatividades Profesorado de Biolog\u00eda (Plan viejo )<\/p>\n","protected":false},"author":11867,"featured_media":0,"parent":0,"menu_order":0,"comment_status":"closed","ping_status":"closed","template":"","meta":[],"acf":[],"_links":{"self":[{"href":"https:\/\/isfd29-bue.infd.edu.ar\/sitio\/wp-json\/wp\/v2\/pages\/835"}],"collection":[{"href":"https:\/\/isfd29-bue.infd.edu.ar\/sitio\/wp-json\/wp\/v2\/pages"}],"about":[{"href":"https:\/\/isfd29-bue.infd.edu.ar\/sitio\/wp-json\/wp\/v2\/types\/page"}],"author":[{"embeddable":true,"href":"https:\/\/isfd29-bue.infd.edu.ar\/sitio\/wp-json\/wp\/v2\/users\/11867"}],"replies":[{"embeddable":true,"href":"https:\/\/isfd29-bue.infd.edu.ar\/sitio\/wp-json\/wp\/v2\/comments?post=835"}],"version-history":[{"count":7,"href":"https:\/\/isfd29-bue.infd.edu.ar\/sitio\/wp-json\/wp\/v2\/pages\/835\/revisions"}],"predecessor-version":[{"id":2598,"href":"https:\/\/isfd29-bue.infd.edu.ar\/sitio\/wp-json\/wp\/v2\/pages\/835\/revisions\/2598"}],"wp:attachment":[{"href":"https:\/\/isfd29-bue.infd.edu.ar\/sitio\/wp-json\/wp\/v2\/media?parent=835"}],"curies":[{"name":"wp","href":"https:\/\/api.w.org\/{rel}","templated":true}]}}