{"id":829,"date":"2018-07-02T18:47:01","date_gmt":"2018-07-02T21:47:01","guid":{"rendered":"https:\/\/isfd29-bue.infd.edu.ar\/sitio\/informes\/"},"modified":"2024-05-17T12:27:43","modified_gmt":"2024-05-17T15:27:43","slug":"informes","status":"publish","type":"page","link":"https:\/\/isfd29-bue.infd.edu.ar\/sitio\/informes\/","title":{"rendered":"Informes"},"content":{"rendered":"\n<h1 class=\"wp-block-heading\"><\/h1>\n\n\n\n<h2 class=\"wp-block-heading has-text-align-center has-white-color has-vivid-cyan-blue-background-color has-text-color has-background\"><strong><span style=\"color: #333399;\">Listado de correos electr\u00f3nicos para comunicarse<\/span><\/strong><\/h2>\n\n\n\n<p>El siguiente listado de mails o links es para aquellos estudiantes que no hayan podido resolver situaciones acad\u00e9micas o administrativas a trav\u00e9s del&nbsp;<strong><u>aula de preceptor\u00eda de la carrera que cursan<\/u>.<\/strong><\/p>\n\n\n\n<p><strong>Mail de la COMUNIDAD EDUCATIVA DEL ISFD N\u00ba 29:&nbsp;&nbsp;<\/strong><strong><u><a href=\"mailto:isfd29comunidadeducativa@gmail.com%20\" target=\"_blank\" rel=\"noopener\">isfd29comunidadeducativa@<wbr>gmail.com<\/a><\/u><\/strong><\/p>\n\n\n\n<p>Para reclamos puntuales&nbsp;por mails no respondidos en otras direcciones de correo, respuestas incompletas o err\u00f3neas,&nbsp;<strong>SIEMPRE SE DEBER\u00c1 PRESENTAR PROBANZAS<\/strong>. Tambi\u00e9n se recepcionar\u00e1n presentaciones de agrupaciones estudiantiles.<\/p>\n\n\n\n<p><strong>Por PASES O REINCORPORACIONES:<\/strong><\/p>\n\n\n\n<figure class=\"wp-block-embed is-type-wp-embed is-provider-isfd-n-29-prof-graciela-gil-merlo-buenos-aires wp-block-embed-isfd-n-29-prof-graciela-gil-merlo-buenos-aires\"><div class=\"wp-block-embed__wrapper\">\n<blockquote class=\"wp-embedded-content\" data-secret=\"S741LfHKcj\"><a href=\"https:\/\/isfd29-bue.infd.edu.ar\/sitio\/alumnos-que-solicitan-pase\/\">Alumnos que solicitan pase\/reincorporaci\u00f3n\/equivalencias<\/a><\/blockquote><iframe class=\"wp-embedded-content\" sandbox=\"allow-scripts\" security=\"restricted\" style=\"position: absolute; clip: rect(1px, 1px, 1px, 1px);\" title=\"\u00abAlumnos que solicitan pase\/reincorporaci\u00f3n\/equivalencias\u00bb \u2014 ISFD N\u00ba 29 - Prof. Graciela Gil - Merlo , Buenos Aires\" src=\"https:\/\/isfd29-bue.infd.edu.ar\/sitio\/alumnos-que-solicitan-pase\/embed\/#?secret=rnCPdxTmDk#?secret=S741LfHKcj\" data-secret=\"S741LfHKcj\" width=\"600\" height=\"338\" frameborder=\"0\" marginwidth=\"0\" marginheight=\"0\" scrolling=\"no\"><\/iframe>\n<\/div><\/figure>\n\n\n\n<p>Para constancias o porcentajes de materias deben mandarle mensaje a los preceptores a trav\u00e9s del aula.<\/p>\n\n\n\n<p><strong><u>CONTACTO Y ENLACES DE LOS PROFESORADOS<\/u><\/strong><\/p>\n\n\n\n<ul>\n<li>PROFESORADO DE LENGUA Y LITERATURA, comunicaci\u00f3n interna \u00fanicamente agotadas las instancias de comunicaci\u00f3n a trav\u00e9s del aula INFO del profesorado.<\/li>\n<\/ul>\n\n\n\n<p><a href=\"mailto:isfd29lenguayliteratura@gmail.com\" target=\"_blank\" rel=\"noopener\"><strong>isfd29lenguayliteratura@gmail.<wbr>com<\/strong><\/a><\/p>\n\n\n\n<ul>\n<li><strong>&nbsp;<\/strong>PROFESORADO DE HISTORIA, comunicaci\u00f3n interna \u00fanicamente agotadas las instancias de comunicaci\u00f3n a trav\u00e9s del aula INFO del profesorado.<\/li>\n<\/ul>\n\n\n\n<p><a href=\"mailto:carreradehistoria29@gmail.com%20%20\" target=\"_blank\" rel=\"noopener\"><strong>carreradehistoria29@gmail.com&nbsp;<\/strong><\/a><\/p>\n\n\n\n<ul>\n<li>PROFESORADO DE BIOLOG\u00cdA Y QU\u00cdMICA:&nbsp;comunicaci\u00f3n interna \u00fanicamente agotadas las instancias de comunicaci\u00f3n a trav\u00e9s del aula INFO del profesorado. <\/li>\n<\/ul>\n\n\n\n<p><a href=\"mailto:profbiologiayquimica29@gmail.com\">profbiologiayquimica29@gmail.com<\/a><\/p>\n\n\n\n<ul>\n<li>PROFESORADO DE MATEM\u00c1TICA: comunicaci\u00f3n interna \u00fanicamente agotadas las instancias de comunicaci\u00f3n a trav\u00e9s del aula INFO del profesorado.<\/li>\n<\/ul>\n\n\n\n<p><a rel=\"noopener\" href=\"mailto:jefematematica29@gmail.com\" target=\"_blank\"><strong>jefematematica29@gmail.com<\/strong><\/a><\/p>\n\n\n\n<ul>\n<li>PROFESORADO DE FISICA: comunicaci\u00f3n interna \u00fanicamente agotadas las instancias de comunicaci\u00f3n a trav\u00e9s del aula INFO del profesorado.<\/li>\n<\/ul>\n\n\n\n<p><a href=\"mailto:Jefaturafisicaisfd29@gmail.com\">Jefaturafisicaisfd29@gmail.com<\/a><\/p>\n\n\n\n<ul>\n<li>&nbsp;PROFESORADO DE PRIMARIA: <\/li>\n<\/ul>\n\n\n\n<p><a href=\"mailto:jefaturaprimariaisfd29@gmail.com\">jefaturaprimariaisfd29@gmail.com<\/a><\/p>\n\n\n\n<ul>\n<li>PROFESORADO DE INICIAL:  <\/li>\n<\/ul>\n\n\n\n<p>Las consultas pedag\u00f3gico-administrativas de las y los estudiantes cursantes, se resuelven en forma presencial con cada uno de lxs preceptorxs. Por otra parte, la informaci\u00f3n general de la carrera se hace llegar a trav\u00e9s del aula INFO Inicial. Regente referente de la carrera Prof. Silvia Beck.<\/p>\n\n\n\n<p><span style=\"font-family: arial,helvetica,sans-serif;\">&nbsp;<\/span><\/p>\n","protected":false},"excerpt":{"rendered":"<p>Listado de correos electr\u00f3nicos para comunicarse El siguiente listado de mails o links es para aquellos estudiantes que no hayan podido resolver situaciones acad\u00e9micas o administrativas a trav\u00e9s del&nbsp;aula de preceptor\u00eda de la carrera que cursan. Mail de la COMUNIDAD EDUCATIVA DEL ISFD N\u00ba 29:&nbsp;&nbsp;isfd29comunidadeducativa@gmail.com Para reclamos puntuales&nbsp;por mails no respondidos en otras direcciones de &#8230; <a title=\"Informes\" class=\"read-more\" href=\"https:\/\/isfd29-bue.infd.edu.ar\/sitio\/informes\/\" aria-label=\"More on Informes\">[+]<\/a><\/p>\n","protected":false},"author":11867,"featured_media":1813,"parent":0,"menu_order":0,"comment_status":"closed","ping_status":"closed","template":"","meta":[],"acf":[],"_links":{"self":[{"href":"https:\/\/isfd29-bue.infd.edu.ar\/sitio\/wp-json\/wp\/v2\/pages\/829"}],"collection":[{"href":"https:\/\/isfd29-bue.infd.edu.ar\/sitio\/wp-json\/wp\/v2\/pages"}],"about":[{"href":"https:\/\/isfd29-bue.infd.edu.ar\/sitio\/wp-json\/wp\/v2\/types\/page"}],"author":[{"embeddable":true,"href":"https:\/\/isfd29-bue.infd.edu.ar\/sitio\/wp-json\/wp\/v2\/users\/11867"}],"replies":[{"embeddable":true,"href":"https:\/\/isfd29-bue.infd.edu.ar\/sitio\/wp-json\/wp\/v2\/comments?post=829"}],"version-history":[{"count":9,"href":"https:\/\/isfd29-bue.infd.edu.ar\/sitio\/wp-json\/wp\/v2\/pages\/829\/revisions"}],"predecessor-version":[{"id":2434,"href":"https:\/\/isfd29-bue.infd.edu.ar\/sitio\/wp-json\/wp\/v2\/pages\/829\/revisions\/2434"}],"wp:featuredmedia":[{"embeddable":true,"href":"https:\/\/isfd29-bue.infd.edu.ar\/sitio\/wp-json\/wp\/v2\/media\/1813"}],"wp:attachment":[{"href":"https:\/\/isfd29-bue.infd.edu.ar\/sitio\/wp-json\/wp\/v2\/media?parent=829"}],"curies":[{"name":"wp","href":"https:\/\/api.w.org\/{rel}","templated":true}]}}