{"id":823,"date":"2018-07-06T20:21:27","date_gmt":"2018-07-06T23:21:27","guid":{"rendered":"https:\/\/isfd29-bue.infd.edu.ar\/sitio\/?page_id=823"},"modified":"2024-05-17T12:22:05","modified_gmt":"2024-05-17T15:22:05","slug":"__trashed-23","status":"publish","type":"page","link":"https:\/\/isfd29-bue.infd.edu.ar\/sitio\/__trashed-23\/","title":{"rendered":"Preguntas Frecuentes"},"content":{"rendered":"<h1><strong>PREGUNTAS FRECUENTES<\/strong><\/h1>\n<ul>\n<li><span style=\"color: #ff0000;\"><strong>\u00bfCu\u00e1l es la oferta educativa del ISFD N\u00b0 29 de Merlo?<\/strong><\/span><\/li>\n<\/ul>\n<p>En la pesta\u00f1a: PROFESORADOS (arriba a la izquierda) encontrar\u00e1s cada uno de los profesorados, las materias y la correlatividad. De todas maneras te lo comentamos tambi\u00e9n ac\u00e1:<\/p>\n<p>El ISFD N\u00b0 29 ofrece 8 carreras de formaci\u00f3n docente:<\/p>\n<ul>\n<li>Profesorado de Educaci\u00f3n PRIMARIA que se dicta en el TURNO MA\u00d1ANA, TARDE Y VESPERTINO<\/li>\n<li>Profesorado de Educaci\u00f3n INICIAL que se dicta en el TURNO MA\u00d1ANA, TARDE Y VESPERTINO<\/li>\n<li>Profesorado de Educaci\u00f3n Secundaria en LENGUA Y LITERATURA que se dicta <strong>\u00fanicamente<\/strong> en el TURNO VESPERTINO<\/li>\n<li>Profesorado de Educaci\u00f3n Secundaria en HISTORIA que se dicta <strong>\u00fanicamente <\/strong>en el TURNO VESPERTINO<\/li>\n<li>Profesorado de Educaci\u00f3n Secundaria en MATEM\u00c1TICA que se dicta en el TURNO TARDE Y VESPERTINO<\/li>\n<li>Profesorado de Educaci\u00f3n Secundaria en BIOLOG\u00cdA que se dicta en el TURNO MA\u00d1ANA Y VESPERTINO<\/li>\n<li>Profesorado de Educaci\u00f3n Secundaria en F\u00cdSICA que se dicta <strong>\u00fanicamente<\/strong> en el TURNO TARDE<\/li>\n<li>Profesorado de Educaci\u00f3n Secundaria en QU\u00cdMICA que se dicta en el TURNO TARDE y VESPERTINO<\/li>\n<\/ul>\n<ul>\n<li><span style=\"color: #ff0000;\"><strong> \u00bfQu\u00e9 necesito para inscribirme a los profesorados?<\/strong><\/span><\/li>\n<\/ul>\n<p>Deb\u00e9s tener DNI, CUIL, T\u00edtulo de secundario .<\/p>\n<p>Algunas situaciones posibles acerca del t\u00edtulo secundario:<\/p>\n<ol>\n<li>Es posible que el t\u00edtulo est\u00e9 en tr\u00e1mite, en ese caso deb\u00e9s presentar la <strong><u>constancia de t\u00edtulo en tr\u00e1mite.<\/u><\/strong><\/li>\n<li>Tambi\u00e9n puede suceder que este a\u00f1o, de modo excepcional, pudieras completar tus estudios de sexto a\u00f1o en febrero de 2025. En ese caso deb\u00e9s presentar una <strong><u>constancia de alumno regular con fecha actualizada y los datos bien claros.<\/u><\/strong><\/li>\n<\/ol>\n<ul>\n<li><span style=\"color: #ff0000;\"><strong> \u00bfEs necesario tener completo el secundario?<\/strong><\/span><\/li>\n<\/ul>\n<p>S\u00ed, es importante contar con t\u00edtulo secundario. Si no ten\u00e9s el t\u00edtulo porque est\u00e1 en tr\u00e1mite o porque te cierran algunas materias hasta el 30\/05\/2025 pod\u00e9s inscribirte tambi\u00e9n pero deber\u00e1s presentar la documentaci\u00f3n respaldatoria para seguir el procedimiento de inscripci\u00f3n.<\/p>\n<ul>\n<li><span style=\"color: #ff0000;\"><strong> \u00bfQu\u00e9 d\u00edas y horarios se cursan las materias?<\/strong><\/span><\/li>\n<\/ul>\n<p>Los d\u00edas de cursada son de lunes a viernes. El horario se encuentra detallado en la oferta educativa. El turno ma\u00f1ana se inicia a las 8 hs, el turno tarde a las 13 hs y el vespertino a las 18 hs. Record\u00e1 que un profesorado incluye pr\u00e1cticas educativas que se realizar\u00e1n en contraturno.<\/p>\n<ul>\n<li><span style=\"color: #ff0000;\"><strong> \u00bfCu\u00e1les son las etapas del proceso de inscripci\u00f3n?<\/strong><\/span><\/li>\n<\/ul>\n<p><strong>PROCEDIMIENTO PARA INSCRIBIRTE EN EL ISFD N\u00b0 29 de Merlo<\/strong><\/p>\n<ul>\n<li>Primero\u00a0 hacer la inscripci\u00f3n en la p\u00e1gina del instituto: <b>pr\u00f3ximamente<\/b><\/li>\n<li>Adquirir el folio en fotocopiadora con los formularios necesarios<\/li>\n<li>Completar los formularios , adjuntar documentaci\u00f3n\u00a0 de la carrera seleccionada y presentar en el\u00a0 instituto a partir del<strong> 9\/12\/2024 al 22\/12\/2024<\/strong>\u00a0en los siguientes horarios:\u00a0 <strong>T.M: 8 a 12 hs . T.T: 17 a 21 hs.<\/strong><\/li>\n<\/ul>\n<ul>\n<li><span style=\"color: #ff0000;\"><strong> Si me inscrib\u00ed el a\u00f1o pasado, \u00bfdebo volver a ingresar todos mis datos este a\u00f1o?<\/strong><\/span><\/li>\n<li>No deb\u00e9s ingresar los datos nuevamente porque ya est\u00e1n en el sistema, pero s\u00ed deb\u00e9s traer nuevamente la documentaci\u00f3n, y avisar al responsable de la inscripci\u00f3n para que te vuelva a habilitar.<\/li>\n<\/ul>\n","protected":false},"excerpt":{"rendered":"<p>PREGUNTAS FRECUENTES \u00bfCu\u00e1l es la oferta educativa del ISFD N\u00b0 29 de Merlo? En la pesta\u00f1a: PROFESORADOS (arriba a la izquierda) encontrar\u00e1s cada uno de los profesorados, las materias y la correlatividad. De todas maneras te lo comentamos tambi\u00e9n ac\u00e1: El ISFD N\u00b0 29 ofrece 8 carreras de formaci\u00f3n docente: Profesorado de Educaci\u00f3n PRIMARIA que &#8230; <a title=\"Preguntas Frecuentes\" class=\"read-more\" href=\"https:\/\/isfd29-bue.infd.edu.ar\/sitio\/__trashed-23\/\" aria-label=\"More on Preguntas Frecuentes\">[+]<\/a><\/p>\n","protected":false},"author":11867,"featured_media":0,"parent":0,"menu_order":0,"comment_status":"closed","ping_status":"closed","template":"","meta":[],"acf":[],"_links":{"self":[{"href":"https:\/\/isfd29-bue.infd.edu.ar\/sitio\/wp-json\/wp\/v2\/pages\/823"}],"collection":[{"href":"https:\/\/isfd29-bue.infd.edu.ar\/sitio\/wp-json\/wp\/v2\/pages"}],"about":[{"href":"https:\/\/isfd29-bue.infd.edu.ar\/sitio\/wp-json\/wp\/v2\/types\/page"}],"author":[{"embeddable":true,"href":"https:\/\/isfd29-bue.infd.edu.ar\/sitio\/wp-json\/wp\/v2\/users\/11867"}],"replies":[{"embeddable":true,"href":"https:\/\/isfd29-bue.infd.edu.ar\/sitio\/wp-json\/wp\/v2\/comments?post=823"}],"version-history":[{"count":7,"href":"https:\/\/isfd29-bue.infd.edu.ar\/sitio\/wp-json\/wp\/v2\/pages\/823\/revisions"}],"predecessor-version":[{"id":2432,"href":"https:\/\/isfd29-bue.infd.edu.ar\/sitio\/wp-json\/wp\/v2\/pages\/823\/revisions\/2432"}],"wp:attachment":[{"href":"https:\/\/isfd29-bue.infd.edu.ar\/sitio\/wp-json\/wp\/v2\/media?parent=823"}],"curies":[{"name":"wp","href":"https:\/\/api.w.org\/{rel}","templated":true}]}}