{"id":810,"date":"2018-07-02T18:46:51","date_gmt":"2018-07-02T21:46:51","guid":{"rendered":"https:\/\/isfd29-bue.infd.edu.ar\/sitio\/profesorado-de-educacion-primaria\/"},"modified":"2025-01-15T20:25:29","modified_gmt":"2025-01-15T23:25:29","slug":"profesorado-de-educacion-primaria","status":"publish","type":"page","link":"https:\/\/isfd29-bue.infd.edu.ar\/sitio\/profesorado-de-educacion-primaria\/","title":{"rendered":"Profesorado de Educaci\u00f3n Primaria"},"content":{"rendered":"\n<p>FUNCIONA EN LOS 3 TURNOS &#8211; MA\u00d1ANA &#8211; TARDE &#8211; VESPERTINO. SEDE RIOJA <\/p>\n\n\n\n<p><a href=\"http:\/\/abc.gov.ar\/lainstitucion\/organismos\/consejogeneral\/disenioscurriculares\/documentosdescarga\/dcurricularsuperior.pdf\">DISE\u00d1O CURRICULAR<\/a> &lt;-ACCEDER PROFESORADO DE EDUCACI\u00d3N PRIMARIA RES 4154\/07<\/p>\n\n\n\n<p><a href=\"https:\/\/drive.google.com\/file\/d\/179izLxMWvYcLzJws47yUtTDBH-Glk_zU\/view?usp=drivesdk\">CORRELATIVIDADES 2024<\/a> &lt;-ACCEDER<\/p>\n","protected":false},"excerpt":{"rendered":"<p>FUNCIONA EN LOS 3 TURNOS &#8211; MA\u00d1ANA &#8211; TARDE &#8211; VESPERTINO. SEDE RIOJA DISE\u00d1O CURRICULAR &lt;-ACCEDER PROFESORADO DE EDUCACI\u00d3N PRIMARIA RES 4154\/07 CORRELATIVIDADES 2024 &lt;-ACCEDER<\/p>\n","protected":false},"author":11867,"featured_media":0,"parent":0,"menu_order":0,"comment_status":"closed","ping_status":"closed","template":"","meta":[],"acf":[],"_links":{"self":[{"href":"https:\/\/isfd29-bue.infd.edu.ar\/sitio\/wp-json\/wp\/v2\/pages\/810"}],"collection":[{"href":"https:\/\/isfd29-bue.infd.edu.ar\/sitio\/wp-json\/wp\/v2\/pages"}],"about":[{"href":"https:\/\/isfd29-bue.infd.edu.ar\/sitio\/wp-json\/wp\/v2\/types\/page"}],"author":[{"embeddable":true,"href":"https:\/\/isfd29-bue.infd.edu.ar\/sitio\/wp-json\/wp\/v2\/users\/11867"}],"replies":[{"embeddable":true,"href":"https:\/\/isfd29-bue.infd.edu.ar\/sitio\/wp-json\/wp\/v2\/comments?post=810"}],"version-history":[{"count":1,"href":"https:\/\/isfd29-bue.infd.edu.ar\/sitio\/wp-json\/wp\/v2\/pages\/810\/revisions"}],"predecessor-version":[{"id":2616,"href":"https:\/\/isfd29-bue.infd.edu.ar\/sitio\/wp-json\/wp\/v2\/pages\/810\/revisions\/2616"}],"wp:attachment":[{"href":"https:\/\/isfd29-bue.infd.edu.ar\/sitio\/wp-json\/wp\/v2\/media?parent=810"}],"curies":[{"name":"wp","href":"https:\/\/api.w.org\/{rel}","templated":true}]}}