{"id":808,"date":"2018-07-02T18:46:51","date_gmt":"2018-07-02T21:46:51","guid":{"rendered":"https:\/\/isfd29-bue.infd.edu.ar\/sitio\/profesorado-de-educacion-secundaria-en-quimica\/"},"modified":"2024-12-30T22:28:49","modified_gmt":"2024-12-31T01:28:49","slug":"profesorado-de-educacion-secundaria-en-quimica","status":"publish","type":"page","link":"https:\/\/isfd29-bue.infd.edu.ar\/sitio\/profesorado-de-educacion-secundaria-en-quimica\/","title":{"rendered":"Profesorado de Educaci\u00f3n Secundaria en Qu\u00edmica"},"content":{"rendered":"<h4>PROFESORADO DE EDUCACI\u00d3N SECUNDARIA EN QU\u00cdMICA<\/h4>\n<p>Horario de cursada: Turno Vespertino (18 a 23hs) Turno Ma\u00f1ana (8 a 13hs)<\/p>\n<p><a href=\"https:\/\/drive.google.com\/file\/d\/1pNKrCJZN_pOpgJb80znVqWS-ztzXKQ94\/view?usp=sharing\">DISE\u00d1O CURRICULAR 2022<\/a><\/p>\n","protected":false},"excerpt":{"rendered":"<p>PROFESORADO DE EDUCACI\u00d3N SECUNDARIA EN QU\u00cdMICA Horario de cursada: Turno Vespertino (18 a 23hs) Turno Ma\u00f1ana (8 a 13hs) DISE\u00d1O CURRICULAR 2022<\/p>\n","protected":false},"author":11867,"featured_media":0,"parent":0,"menu_order":0,"comment_status":"closed","ping_status":"closed","template":"","meta":[],"acf":[],"_links":{"self":[{"href":"https:\/\/isfd29-bue.infd.edu.ar\/sitio\/wp-json\/wp\/v2\/pages\/808"}],"collection":[{"href":"https:\/\/isfd29-bue.infd.edu.ar\/sitio\/wp-json\/wp\/v2\/pages"}],"about":[{"href":"https:\/\/isfd29-bue.infd.edu.ar\/sitio\/wp-json\/wp\/v2\/types\/page"}],"author":[{"embeddable":true,"href":"https:\/\/isfd29-bue.infd.edu.ar\/sitio\/wp-json\/wp\/v2\/users\/11867"}],"replies":[{"embeddable":true,"href":"https:\/\/isfd29-bue.infd.edu.ar\/sitio\/wp-json\/wp\/v2\/comments?post=808"}],"version-history":[{"count":6,"href":"https:\/\/isfd29-bue.infd.edu.ar\/sitio\/wp-json\/wp\/v2\/pages\/808\/revisions"}],"predecessor-version":[{"id":2589,"href":"https:\/\/isfd29-bue.infd.edu.ar\/sitio\/wp-json\/wp\/v2\/pages\/808\/revisions\/2589"}],"wp:attachment":[{"href":"https:\/\/isfd29-bue.infd.edu.ar\/sitio\/wp-json\/wp\/v2\/media?parent=808"}],"curies":[{"name":"wp","href":"https:\/\/api.w.org\/{rel}","templated":true}]}}