{"id":794,"date":"2018-07-02T18:46:45","date_gmt":"2018-07-02T21:46:45","guid":{"rendered":"https:\/\/isfd29-bue.infd.edu.ar\/sitio\/profesorado-de-educacion-secundaria-en-lengua-y-literatura\/"},"modified":"2024-12-30T22:36:42","modified_gmt":"2024-12-31T01:36:42","slug":"profesorado-de-educacion-secundaria-en-lengua-y-literatura","status":"publish","type":"page","link":"https:\/\/isfd29-bue.infd.edu.ar\/sitio\/profesorado-de-educacion-secundaria-en-lengua-y-literatura\/","title":{"rendered":"R\u00e9gimen Acad\u00e9mico Marco Jurisdiccional del Nivel Superior"},"content":{"rendered":"\n<p><a href=\"https:\/\/drive.google.com\/file\/d\/1u7KWrRUjHKNk9aYV0Bycx3MNuH1IKk5g\/view?usp=drive_link\"><strong>RESOLUCI\u00d3N CONJUNTA 4196\/2024<\/strong><\/a><\/p>\n\n\n\n<p><a href=\"https:\/\/drive.google.com\/drive\/folders\/1ouK_BaP6c-YZMP4Wlg3DJL2V1QzEu6q0\"><strong>Anexo 1<\/strong> R\u00e9gimen Acad\u00e9mico Marco Jurisdiccional. Principios y disposiciones generales.<\/a><\/p>\n\n\n\n<p><a href=\"https:\/\/drive.google.com\/drive\/folders\/1ouK_BaP6c-YZMP4Wlg3DJL2V1QzEu6q0\"><strong>Anexo 2 <\/strong> Condiciones para la implementaci\u00f3n de la\/el estudiante itinerante en los Institutos<br>Superiores de Formaci\u00f3n Docente (ISFD) y Formaci\u00f3n Docente y T\u00e9cnica (ISFDyT), Institutos<br>Superiores de Formaci\u00f3n T\u00e9cnica (ISFT) e Instituciones Superiores de Formaci\u00f3n Art\u00edstica<br>Docente y T\u00e9cnica; de gestiones estatal y privada de la Provincia de Buenos Aires.<\/a><\/p>\n\n\n\n<p><a href=\"https:\/\/drive.google.com\/drive\/folders\/1ouK_BaP6c-YZMP4Wlg3DJL2V1QzEu6q0\"><strong>Anexo 3<\/strong> Condiciones para la implementaci\u00f3n de las propuestas pedag\u00f3gicas combinadas<\/a><\/p>\n\n\n\n<p><\/p>\n\n\n","protected":false},"excerpt":{"rendered":"<p>RESOLUCI\u00d3N CONJUNTA 4196\/2024 Anexo 1 R\u00e9gimen Acad\u00e9mico Marco Jurisdiccional. Principios y disposiciones generales. Anexo 2 Condiciones para la implementaci\u00f3n de la\/el estudiante itinerante en los InstitutosSuperiores de Formaci\u00f3n Docente (ISFD) y Formaci\u00f3n Docente y T\u00e9cnica (ISFDyT), InstitutosSuperiores de Formaci\u00f3n T\u00e9cnica (ISFT) e Instituciones Superiores de Formaci\u00f3n Art\u00edsticaDocente y T\u00e9cnica; de gestiones estatal y privada de &#8230; <a title=\"R\u00e9gimen Acad\u00e9mico Marco Jurisdiccional del Nivel Superior\" class=\"read-more\" href=\"https:\/\/isfd29-bue.infd.edu.ar\/sitio\/profesorado-de-educacion-secundaria-en-lengua-y-literatura\/\" aria-label=\"More on R\u00e9gimen Acad\u00e9mico Marco Jurisdiccional del Nivel Superior\">[+]<\/a><\/p>\n","protected":false},"author":11867,"featured_media":0,"parent":0,"menu_order":0,"comment_status":"closed","ping_status":"closed","template":"","meta":[],"acf":[],"_links":{"self":[{"href":"https:\/\/isfd29-bue.infd.edu.ar\/sitio\/wp-json\/wp\/v2\/pages\/794"}],"collection":[{"href":"https:\/\/isfd29-bue.infd.edu.ar\/sitio\/wp-json\/wp\/v2\/pages"}],"about":[{"href":"https:\/\/isfd29-bue.infd.edu.ar\/sitio\/wp-json\/wp\/v2\/types\/page"}],"author":[{"embeddable":true,"href":"https:\/\/isfd29-bue.infd.edu.ar\/sitio\/wp-json\/wp\/v2\/users\/11867"}],"replies":[{"embeddable":true,"href":"https:\/\/isfd29-bue.infd.edu.ar\/sitio\/wp-json\/wp\/v2\/comments?post=794"}],"version-history":[{"count":4,"href":"https:\/\/isfd29-bue.infd.edu.ar\/sitio\/wp-json\/wp\/v2\/pages\/794\/revisions"}],"predecessor-version":[{"id":2590,"href":"https:\/\/isfd29-bue.infd.edu.ar\/sitio\/wp-json\/wp\/v2\/pages\/794\/revisions\/2590"}],"wp:attachment":[{"href":"https:\/\/isfd29-bue.infd.edu.ar\/sitio\/wp-json\/wp\/v2\/media?parent=794"}],"curies":[{"name":"wp","href":"https:\/\/api.w.org\/{rel}","templated":true}]}}