{"id":1419,"date":"2020-11-30T17:00:48","date_gmt":"2020-11-30T20:00:48","guid":{"rendered":"https:\/\/isfd29-bue.infd.edu.ar\/sitio\/?page_id=1419"},"modified":"2024-12-30T23:13:27","modified_gmt":"2024-12-31T02:13:27","slug":"normativa","status":"publish","type":"page","link":"https:\/\/isfd29-bue.infd.edu.ar\/sitio\/normativa\/","title":{"rendered":"Normativa"},"content":{"rendered":"<p><strong>Dise\u00f1os Curriculares vigentes en 2025: \u00a0<\/strong><\/p>\n<ul>\n<li><strong><a href=\"https:\/\/drive.google.com\/file\/d\/1zgLSdIImJrK2oiozYXjWqtMS7DasePX6\/view?usp=sharing\">Profesorado de Ed. Secundaria en Biolog\u00eda<\/a> (Dise\u00f1o Curricular 2022)<\/strong><\/li>\n<li><strong><a href=\"https:\/\/drive.google.com\/file\/d\/1ru8ugcWx_V8WAO9BCiOPYompYhVYX7sg\/view?usp=sharing\">Profesorado de Ed. Secundaria en F\u00edsica<\/a> (Dise\u00f1o Curricular 2022)<\/strong><\/li>\n<li><strong><a href=\"https:\/\/drive.google.com\/file\/d\/1pNKrCJZN_pOpgJb80znVqWS-ztzXKQ94\/view?usp=sharing\">Profesorado de Ed. Secundaria en Qu\u00edmica<\/a> (Dise\u00f1o Curricular 2022)<\/strong><\/li>\n<li><strong><a href=\"https:\/\/drive.google.com\/file\/d\/1XE56CUxKwm4pnyj32EyPO7jAciFv72Ln\/view?usp=sharing\">Profesorado de Ed. Secundaria en Historia<\/a> (Dise\u00f1o Curricular 2022)<\/strong><\/li>\n<li><strong><a href=\"https:\/\/isfd29-bue.infd.edu.ar\/sitio\/wp-content\/uploads\/2020\/08\/DISE%C3%91OS-CURRICULARES-MATEMATICA-2020.pdf\">Profesorado de Ed. Secundaria en Matem\u00e1tica<\/a> (Dise\u00f1o Curricular 2017) <\/strong><\/li>\n<li><strong><a href=\"https:\/\/isfd29-bue.infd.edu.ar\/sitio\/wp-content\/uploads\/2021\/04\/DC-Lengua-y-Literatura-Res.-1862-17.pdf\">Profesorado de Ed. Secundaria en Lengua y Literatura<\/a> (Dise\u00f1o Curricular 2017) <\/strong><\/li>\n<li><strong><a href=\"https:\/\/drive.google.com\/file\/d\/1WR0IBW6KcbHzgCvWe1vqp1N64MY5g4ru\/view?usp=sharing\">Profesorados de Nivel Inicial y Nivel Primario<\/a> (Dise\u00f1o Curricular 2007)<\/strong><\/li>\n<\/ul>\n<p><strong><span style=\"color: #ff0000;\">Importante<\/span>:<\/strong> a partir del a\u00f1o 2025 comienza a regir el &#8211; <a href=\"https:\/\/drive.google.com\/file\/d\/1u7KWrRUjHKNk9aYV0Bycx3MNuH1IKk5g\/view?usp=sharing\">R\u00e9gimen Acad\u00e9mico Marco Jurisdiccional del Nivel Superior <\/a><\/p>\n<p><a href=\"https:\/\/drive.google.com\/file\/d\/1u7KWrRUjHKNk9aYV0Bycx3MNuH1IKk5g\/view?usp=sharing\">RESOLUCI\u00d3N CONJUNTA <strong>4196\/2024<\/strong><\/a><strong>, <a href=\"https:\/\/drive.google.com\/file\/d\/1dPD6H5IglJ8_3tXTIQ_ZrCqA_QXLY-Uz\/view?usp=sharing\">anexo 1<\/a>, <a href=\"https:\/\/drive.google.com\/file\/d\/1Cm5ub3wByu7F7j_eoQ4AnZ-sojeTvGhw\/view?usp=sharing\">anexo 2<\/a>, <a href=\"https:\/\/drive.google.com\/file\/d\/18dqIhoTogX3jv6mTa6kLVp3nuG0cm0Gg\/view?usp=sharing\">anexo 3<\/a> <\/strong>y<\/p>\n<p><strong><a href=\"https:\/\/drive.google.com\/file\/d\/1u9-xmd8piWnTy7kJfNgqIMtKaGTciAt3\/view?usp=sharing\">Reg\u00edmenes de correlatividades 2024<\/a><\/strong>:<\/p>\n<ul>\n<li><strong><a href=\"https:\/\/drive.google.com\/file\/d\/13esOsLsXGbtDreMv0kbiG7xQuI3w-loJ\/view?usp=sharing\">Profesorado de Nivel Inicial<\/a> <\/strong><\/li>\n<li><strong><a href=\"https:\/\/drive.google.com\/file\/d\/179izLxMWvYcLzJws47yUtTDBH-Glk_zU\/view?usp=sharing\">Profesorado de Nivel Primaria<\/a><\/strong><\/li>\n<li><strong><a href=\"https:\/\/drive.google.com\/file\/d\/1Y9jgCgMVwmEgJS4122m2oXak7eLKy_Hr\/view?usp=sharing\">Profesorado de Ed. Secundaria en Matem\u00e1tica<\/a> <\/strong><\/li>\n<li><strong><a href=\"https:\/\/drive.google.com\/file\/d\/1200j0ZKPAGbE_ZOYeLpV5EZPnTS9LdGA\/view?usp=sharing\">Profesorado de Ed. Secundaria en Lengua y Literatura<\/a> <\/strong><\/li>\n<\/ul>\n<p><strong>\u00a0Tus materias cursadas hasta el 2024 ser\u00e1 acreditadas bajo la\u00a0<\/strong><a href=\"https:\/\/isfd29-bue.infd.edu.ar\/sitio\/wp-content\/uploads\/2020\/11\/Res_4043_09_R\u00e9gimen_acad\u00e9mico_marco_DPES.pdf\">Res_4043_09_R\u00e9gimen_acad\u00e9mico_marco_DPES<\/a><\/p>\n","protected":false},"excerpt":{"rendered":"<p>Dise\u00f1os Curriculares vigentes en 2025: \u00a0 Profesorado de Ed. Secundaria en Biolog\u00eda (Dise\u00f1o Curricular 2022) Profesorado de Ed. Secundaria en F\u00edsica (Dise\u00f1o Curricular 2022) Profesorado de Ed. Secundaria en Qu\u00edmica (Dise\u00f1o Curricular 2022) Profesorado de Ed. Secundaria en Historia (Dise\u00f1o Curricular 2022) Profesorado de Ed. Secundaria en Matem\u00e1tica (Dise\u00f1o Curricular 2017) Profesorado de Ed. Secundaria &#8230; <a title=\"Normativa\" class=\"read-more\" href=\"https:\/\/isfd29-bue.infd.edu.ar\/sitio\/normativa\/\" aria-label=\"More on Normativa\">[+]<\/a><\/p>\n","protected":false},"author":11888,"featured_media":0,"parent":0,"menu_order":0,"comment_status":"closed","ping_status":"closed","template":"","meta":[],"acf":[],"_links":{"self":[{"href":"https:\/\/isfd29-bue.infd.edu.ar\/sitio\/wp-json\/wp\/v2\/pages\/1419"}],"collection":[{"href":"https:\/\/isfd29-bue.infd.edu.ar\/sitio\/wp-json\/wp\/v2\/pages"}],"about":[{"href":"https:\/\/isfd29-bue.infd.edu.ar\/sitio\/wp-json\/wp\/v2\/types\/page"}],"author":[{"embeddable":true,"href":"https:\/\/isfd29-bue.infd.edu.ar\/sitio\/wp-json\/wp\/v2\/users\/11888"}],"replies":[{"embeddable":true,"href":"https:\/\/isfd29-bue.infd.edu.ar\/sitio\/wp-json\/wp\/v2\/comments?post=1419"}],"version-history":[{"count":8,"href":"https:\/\/isfd29-bue.infd.edu.ar\/sitio\/wp-json\/wp\/v2\/pages\/1419\/revisions"}],"predecessor-version":[{"id":2605,"href":"https:\/\/isfd29-bue.infd.edu.ar\/sitio\/wp-json\/wp\/v2\/pages\/1419\/revisions\/2605"}],"wp:attachment":[{"href":"https:\/\/isfd29-bue.infd.edu.ar\/sitio\/wp-json\/wp\/v2\/media?parent=1419"}],"curies":[{"name":"wp","href":"https:\/\/api.w.org\/{rel}","templated":true}]}}