{"id":1415,"date":"2020-11-30T16:44:38","date_gmt":"2020-11-30T19:44:38","guid":{"rendered":"https:\/\/isfd29-bue.infd.edu.ar\/sitio\/?page_id=1415"},"modified":"2023-11-29T11:28:46","modified_gmt":"2023-11-29T14:28:46","slug":"cooperadora","status":"publish","type":"page","link":"https:\/\/isfd29-bue.infd.edu.ar\/sitio\/cooperadora\/","title":{"rendered":"Cooperadora"},"content":{"rendered":"<p style=\"text-align: center;\"><strong>Nuestra Asociaci\u00f3n Cooperadora les da la bienvenida a formar parte de la comunidad educativa del ISFD N 29 de Merlo<\/strong><\/p>\n<p style=\"text-align: center;\">Queremos contarles que las Asociaciones Cooperadoras son organizaciones sin fines de lucro que tienen como objetivo contribuir con una instituci\u00f3n educativa espec\u00edfica para facilitar y mejorar el servicio educativo que se brinda a todos sus estudiantes. As\u00ed, la cooperadora se convierte en el nexo principal entre sociedad y escuela.<\/p>\n<p style=\"text-align: center;\">Es por eso que los invitamos a asociarse para poder seguir construyendo el instituto que deseamos para toda la comunidad.<\/p>\n<p style=\"text-align: center;\">Para hacerlo solo basta con abonar la cuota que fijamos anualmente en asamblea: Cuota mensual $1000<\/p>\n<p style=\"text-align: center;\">Opciones:<\/p>\n<ul style=\"text-align: center;\">\n<li style=\"text-align: left;\"><strong>Pago anual <\/strong>, en un solo pago se obsequia la Libreta del Estudiante<\/li>\n<li style=\"text-align: left;\"><strong>Pago semestral,<\/strong> libreta del estudiante a mitad de precio<\/li>\n<\/ul>\n<p style=\"text-align: center;\"><strong>MEDIOS DE PAGO<\/strong><\/p>\n<p style=\"text-align: center;\"><strong>Efectivo, al momento de realizar la inscripci\u00f3n<\/strong><\/p>\n<p style=\"text-align: center;\">\n<p style=\"text-align: center;\"><strong>\u00a1\u00a1\u00a1Muchas gracias por sumarte!!!<\/strong><\/p>\n<p style=\"text-align: center;\"><strong>Asociaci\u00f3n Cooperadora ISFD N 29 Merlo<\/strong><\/p>\n","protected":false},"excerpt":{"rendered":"<p>Nuestra Asociaci\u00f3n Cooperadora les da la bienvenida a formar parte de la comunidad educativa del ISFD N 29 de Merlo Queremos contarles que las Asociaciones Cooperadoras son organizaciones sin fines de lucro que tienen como objetivo contribuir con una instituci\u00f3n educativa espec\u00edfica para facilitar y mejorar el servicio educativo que se brinda a todos sus &#8230; <a title=\"Cooperadora\" class=\"read-more\" href=\"https:\/\/isfd29-bue.infd.edu.ar\/sitio\/cooperadora\/\" aria-label=\"More on Cooperadora\">[+]<\/a><\/p>\n","protected":false},"author":11888,"featured_media":0,"parent":0,"menu_order":0,"comment_status":"closed","ping_status":"closed","template":"","meta":[],"acf":[],"_links":{"self":[{"href":"https:\/\/isfd29-bue.infd.edu.ar\/sitio\/wp-json\/wp\/v2\/pages\/1415"}],"collection":[{"href":"https:\/\/isfd29-bue.infd.edu.ar\/sitio\/wp-json\/wp\/v2\/pages"}],"about":[{"href":"https:\/\/isfd29-bue.infd.edu.ar\/sitio\/wp-json\/wp\/v2\/types\/page"}],"author":[{"embeddable":true,"href":"https:\/\/isfd29-bue.infd.edu.ar\/sitio\/wp-json\/wp\/v2\/users\/11888"}],"replies":[{"embeddable":true,"href":"https:\/\/isfd29-bue.infd.edu.ar\/sitio\/wp-json\/wp\/v2\/comments?post=1415"}],"version-history":[{"count":7,"href":"https:\/\/isfd29-bue.infd.edu.ar\/sitio\/wp-json\/wp\/v2\/pages\/1415\/revisions"}],"predecessor-version":[{"id":2335,"href":"https:\/\/isfd29-bue.infd.edu.ar\/sitio\/wp-json\/wp\/v2\/pages\/1415\/revisions\/2335"}],"wp:attachment":[{"href":"https:\/\/isfd29-bue.infd.edu.ar\/sitio\/wp-json\/wp\/v2\/media?parent=1415"}],"curies":[{"name":"wp","href":"https:\/\/api.w.org\/{rel}","templated":true}]}}