{"id":1409,"date":"2020-11-30T16:34:02","date_gmt":"2020-11-30T19:34:02","guid":{"rendered":"https:\/\/isfd29-bue.infd.edu.ar\/sitio\/?page_id=1409"},"modified":"2020-11-30T16:35:24","modified_gmt":"2020-11-30T19:35:24","slug":"oferta-academica","status":"publish","type":"page","link":"https:\/\/isfd29-bue.infd.edu.ar\/sitio\/informacion-para-estudiantes\/oferta-academica\/","title":{"rendered":"Oferta acad\u00e9mica"},"content":{"rendered":"<p>El <strong>ISFD N\u00b0 29<\/strong> ofrece <strong>8 carreras de formaci\u00f3n docent<\/strong>e:<\/p>\n<p>\u2022 Profesorado de Educaci\u00f3n PRIMARIA que se dicta en el TURNO MA\u00d1ANA, TARDE Y VESPERTINO<br \/>\n\u2022 Profesorado de Educaci\u00f3n INICIAL que se dicta en el TURNO MA\u00d1ANA, TARDE Y VESPERTINO<br \/>\n\u2022 Profesorado de Educaci\u00f3n Secundaria en LENGUA Y LITERATURA que se dicta \u00fanicamente en el TURNO VESPERTINO<br \/>\n\u2022 Profesorado de Educaci\u00f3n Secundaria en HISTORIA que se dicta \u00fanicamente en el TURNO VESPERTINO<br \/>\n\u2022 Profesorado de Educaci\u00f3n Secundaria en MATEM\u00c1TICA que se dicta en el TURNO TARDE Y VESPERTINO<br \/>\n\u2022 Profesorado de Educaci\u00f3n Secundaria en BIOLOG\u00cdA que se dicta en el TURNO MA\u00d1ANA Y VESPERTINO<br \/>\n\u2022 Profesorado de Educaci\u00f3n Secundaria en F\u00cdSICA que se dicta \u00fanicamente en el TURNO TARDE<br \/>\n\u2022 Profesorado de Educaci\u00f3n Secundaria en QU\u00cdMICA que se dicta en el TURNO TARDE y VESPERTINO<\/p>\n","protected":false},"excerpt":{"rendered":"<p>El ISFD N\u00b0 29 ofrece 8 carreras de formaci\u00f3n docente: \u2022 Profesorado de Educaci\u00f3n PRIMARIA que se dicta en el TURNO MA\u00d1ANA, TARDE Y VESPERTINO \u2022 Profesorado de Educaci\u00f3n INICIAL que se dicta en el TURNO MA\u00d1ANA, TARDE Y VESPERTINO \u2022 Profesorado de Educaci\u00f3n Secundaria en LENGUA Y LITERATURA que se dicta \u00fanicamente en el &#8230; <a title=\"Oferta acad\u00e9mica\" class=\"read-more\" href=\"https:\/\/isfd29-bue.infd.edu.ar\/sitio\/informacion-para-estudiantes\/oferta-academica\/\" aria-label=\"More on Oferta acad\u00e9mica\">[+]<\/a><\/p>\n","protected":false},"author":11888,"featured_media":0,"parent":1027,"menu_order":0,"comment_status":"closed","ping_status":"closed","template":"","meta":[],"acf":[],"_links":{"self":[{"href":"https:\/\/isfd29-bue.infd.edu.ar\/sitio\/wp-json\/wp\/v2\/pages\/1409"}],"collection":[{"href":"https:\/\/isfd29-bue.infd.edu.ar\/sitio\/wp-json\/wp\/v2\/pages"}],"about":[{"href":"https:\/\/isfd29-bue.infd.edu.ar\/sitio\/wp-json\/wp\/v2\/types\/page"}],"author":[{"embeddable":true,"href":"https:\/\/isfd29-bue.infd.edu.ar\/sitio\/wp-json\/wp\/v2\/users\/11888"}],"replies":[{"embeddable":true,"href":"https:\/\/isfd29-bue.infd.edu.ar\/sitio\/wp-json\/wp\/v2\/comments?post=1409"}],"version-history":[{"count":1,"href":"https:\/\/isfd29-bue.infd.edu.ar\/sitio\/wp-json\/wp\/v2\/pages\/1409\/revisions"}],"predecessor-version":[{"id":1410,"href":"https:\/\/isfd29-bue.infd.edu.ar\/sitio\/wp-json\/wp\/v2\/pages\/1409\/revisions\/1410"}],"up":[{"embeddable":true,"href":"https:\/\/isfd29-bue.infd.edu.ar\/sitio\/wp-json\/wp\/v2\/pages\/1027"}],"wp:attachment":[{"href":"https:\/\/isfd29-bue.infd.edu.ar\/sitio\/wp-json\/wp\/v2\/media?parent=1409"}],"curies":[{"name":"wp","href":"https:\/\/api.w.org\/{rel}","templated":true}]}}